{"id":388,"date":"2025-11-20T21:16:36","date_gmt":"2025-11-20T20:16:36","guid":{"rendered":"https:\/\/alsem.asso.fr\/?page_id=388"},"modified":"2025-11-28T18:15:04","modified_gmt":"2025-11-28T17:15:04","slug":"repair-cafe-2","status":"publish","type":"page","link":"http:\/\/alsem.asso.fr\/index.php\/repair-cafe-2\/","title":{"rendered":"Repair Caf\u00e9"},"content":{"rendered":"<div class=\"wp-block-image\">\n<figure class=\"aligncenter size-full\"><img loading=\"lazy\" decoding=\"async\" width=\"200\" height=\"200\" src=\"http:\/\/alsem.asso.fr\/wp-content\/uploads\/2025\/01\/repair-cafe-1.png\" alt=\"\" class=\"wp-image-361\" srcset=\"http:\/\/alsem.asso.fr\/wp-content\/uploads\/2025\/01\/repair-cafe-1.png 200w, http:\/\/alsem.asso.fr\/wp-content\/uploads\/2025\/01\/repair-cafe-1-150x150.png 150w\" sizes=\"(max-width: 200px) 100vw, 200px\" \/><\/figure>\n<\/div>\n\n\n<p>La section Repair caf\u00e9 a \u00e9t\u00e9 cr\u00e9\u00e9e en juin 2023. Nous organisons en moyenne 4 ateliers par an. <\/p>\n\n\n\n<p>C&rsquo;est quoi un atelier Repair caf\u00e9 ?<\/p>\n\n\n\n<p>L&rsquo;objectif est de lutter contre l&rsquo;obsolescence programm\u00e9e. \u00c9conomiser les ressources en r\u00e9parant les objets du quotidien. Cr\u00e9er aussi un lieu de partage et de rencontre. Tenter de r\u00e9parer ensemble et gratuitement vos objets du quotidien (petits \u00e9lectrom\u00e9nagers, petits travaux de menuiserie, de couture d&rsquo;informatique..) pour leur donner une nouvelle vie.<\/p>\n\n\n\n<blockquote class=\"wp-block-quote is-layout-flow wp-block-quote-is-layout-flow\">\n<p><strong> Avant de jeter, on essaie de r\u00e9parer.<\/strong><\/p>\n<\/blockquote>\n\n\n\n<p>Pour cela, des r\u00e9parateurs b\u00e9n\u00e9voles diagnostiquent les pannes, conseillent et aident \u00e0 la remise en \u00e9tat de de vos petits objets en panne ou ab\u00eem\u00e9s quand cela est possible.<\/p>\n\n\n\n<p><\/p>\n\n\n\n<p><\/p>\n\n\n\n<h2 class=\"wp-block-heading\">Organisation du RC de Montluc<\/h2>\n\n\n\n<p><\/p>\n\n\n\n<p>\/<\/p>\n\n\n\n<p>Envie de rejoindre l&rsquo;\u00e9quipe de b\u00e9n\u00e9voles, contactez nous par mail.<\/p>\n\n\n\n<ul class=\"wp-block-list\">\n<li><a href=\"mailto:alsem.repaircafe@gmail.com\" target=\"_blank\" rel=\"noreferrer noopener\">alsem.repaircafe@gmail.com<\/a><\/li>\n\n\n\n<li>Facebook : Repair caf\u00e9 de Montluc<\/li>\n\n\n\n<li><a href=\"https:\/\/www.repaircafe.org\/fr\/\">https:\/\/www.repaircafe.org\/fr\/<\/a><\/li>\n<\/ul>\n\n\n\n<p><\/p>\n","protected":false},"excerpt":{"rendered":"<p>La section Repair caf\u00e9 a \u00e9t\u00e9 cr\u00e9\u00e9e en juin 2023. Nous organisons en moyenne 4 ateliers par an. C&rsquo;est quoi un atelier Repair caf\u00e9 ? L&rsquo;objectif est de lutter contre l&rsquo;obsolescence programm\u00e9e. \u00c9conomiser les ressources en r\u00e9parant les objets du quotidien. Cr\u00e9er aussi un lieu de partage et de rencontre. Tenter de r\u00e9parer ensemble et [&hellip;]<\/p>\n","protected":false},"author":1,"featured_media":0,"parent":0,"menu_order":0,"comment_status":"closed","ping_status":"closed","template":"","meta":{"saved_in_kubio":false,"_mc_calendar":[],"footnotes":""},"class_list":["post-388","page","type-page","status-publish","hentry"],"kubio_ai_page_context":{"short_desc":"","purpose":"general"},"_links":{"self":[{"href":"http:\/\/alsem.asso.fr\/index.php\/wp-json\/wp\/v2\/pages\/388","targetHints":{"allow":["GET"]}}],"collection":[{"href":"http:\/\/alsem.asso.fr\/index.php\/wp-json\/wp\/v2\/pages"}],"about":[{"href":"http:\/\/alsem.asso.fr\/index.php\/wp-json\/wp\/v2\/types\/page"}],"author":[{"embeddable":true,"href":"http:\/\/alsem.asso.fr\/index.php\/wp-json\/wp\/v2\/users\/1"}],"replies":[{"embeddable":true,"href":"http:\/\/alsem.asso.fr\/index.php\/wp-json\/wp\/v2\/comments?post=388"}],"version-history":[{"count":6,"href":"http:\/\/alsem.asso.fr\/index.php\/wp-json\/wp\/v2\/pages\/388\/revisions"}],"predecessor-version":[{"id":421,"href":"http:\/\/alsem.asso.fr\/index.php\/wp-json\/wp\/v2\/pages\/388\/revisions\/421"}],"wp:attachment":[{"href":"http:\/\/alsem.asso.fr\/index.php\/wp-json\/wp\/v2\/media?parent=388"}],"curies":[{"name":"wp","href":"https:\/\/api.w.org\/{rel}","templated":true}]}}